{"id":22,"date":"2009-05-22T10:04:35","date_gmt":"2009-05-22T15:04:35","guid":{"rendered":"http:\/\/timonel.com.co\/?page_id=22"},"modified":"2009-06-25T09:24:49","modified_gmt":"2009-06-25T14:24:49","slug":"desarrollo-de-herramientas-gerenciales","status":"publish","type":"page","link":"https:\/\/timonel.com.co\/?page_id=22","title":{"rendered":"Desarrollo de herramientas gerenciales"},"content":{"rendered":"<p><img loading=\"lazy\" decoding=\"async\" class=\"aligncenter size-full wp-image-196\" title=\"desarrollo-de-herramientas\" src=\"http:\/\/timonel.com.co\/wp-content\/uploads\/2009\/05\/desarrollo-de-herramientas.png\" alt=\"desarrollo-de-herramientas\" width=\"427\" height=\"254\" \/><\/p>\n<div style=\"position: absolute; left: 56px; top: 100px; width: 409px; height: 106px; z-index: 1;\">\n<ul>\n<li>Dentro de las exigencias del mundo Global es vital el m\u00e1ximo aprovechamiento de los recursos entre ellos el tiempo para los ejecutivos. Ofrecemos m\u00e9todos de clase mundial para hacer m\u00e1s f\u00e1cil su trabajo obteniendo los resultados esperados en su vida personal y profesional.<\/li>\n<\/ul>\n<\/div>\n","protected":false},"excerpt":{"rendered":"<p>Dentro de las exigencias del mundo Global es vital el m\u00e1ximo aprovechamiento de los recursos entre ellos el tiempo para los ejecutivos. Ofrecemos m\u00e9todos de clase mundial para hacer m\u00e1s f\u00e1cil su trabajo obteniendo los resultados esperados en su vida personal y profesional.<\/p>\n","protected":false},"author":1,"featured_media":0,"parent":66,"menu_order":3,"comment_status":"open","ping_status":"closed","template":"","meta":{"footnotes":""},"class_list":["post-22","page","type-page","status-publish","hentry"],"_links":{"self":[{"href":"https:\/\/timonel.com.co\/index.php?rest_route=\/wp\/v2\/pages\/22","targetHints":{"allow":["GET"]}}],"collection":[{"href":"https:\/\/timonel.com.co\/index.php?rest_route=\/wp\/v2\/pages"}],"about":[{"href":"https:\/\/timonel.com.co\/index.php?rest_route=\/wp\/v2\/types\/page"}],"author":[{"embeddable":true,"href":"https:\/\/timonel.com.co\/index.php?rest_route=\/wp\/v2\/users\/1"}],"replies":[{"embeddable":true,"href":"https:\/\/timonel.com.co\/index.php?rest_route=%2Fwp%2Fv2%2Fcomments&post=22"}],"version-history":[{"count":22,"href":"https:\/\/timonel.com.co\/index.php?rest_route=\/wp\/v2\/pages\/22\/revisions"}],"predecessor-version":[{"id":97,"href":"https:\/\/timonel.com.co\/index.php?rest_route=\/wp\/v2\/pages\/22\/revisions\/97"}],"up":[{"embeddable":true,"href":"https:\/\/timonel.com.co\/index.php?rest_route=\/wp\/v2\/pages\/66"}],"wp:attachment":[{"href":"https:\/\/timonel.com.co\/index.php?rest_route=%2Fwp%2Fv2%2Fmedia&parent=22"}],"curies":[{"name":"wp","href":"https:\/\/api.w.org\/{rel}","templated":true}]}}