{"id":365,"date":"2009-07-15T08:31:24","date_gmt":"2009-07-15T13:31:24","guid":{"rendered":"http:\/\/timonel.com.co\/?page_id=365"},"modified":"2010-07-29T08:31:44","modified_gmt":"2010-07-29T13:31:44","slug":"terminos-de-uso","status":"publish","type":"page","link":"https:\/\/timonel.com.co\/?page_id=365","title":{"rendered":"T\u00e9rminos de uso"},"content":{"rendered":"<p align=\"center\">T\u00c9RMINOS DE USO<\/p>\n<p>ACEPTACION DE LOS TERMINOS DEL CONTRATO<\/p>\n<p>Lo siguiente son los t\u00e9rminos de un convenio legal celebrado entre usted y TIMONEL. Al accesar, hojear y\/o usar este sitio (&#8220;Sitio&#8221;), usted admite haber le\u00eddo y entendido estos t\u00e9rminos y est\u00e1 de acuerdo en sujetarse a estos t\u00e9rminos y cumplir con todas las leyes y reglamentos aplicables. En caso de que usted no est\u00e9 de acuerdo con estos t\u00e9rminos, favor no usar este Sitio. El material suministrado en este Sitio est\u00e1 protegido por la ley, incluyendo, m\u00e1s no limitado a, las leyes sobre derechos de autor y tratados internacionales. TIMONEL no se responsabiliza de que el material en este Sitio sea apropiado o est\u00e9 disponible para su uso en otros lugares, estando prohibido su acceso desde territorios donde su contenido sea ilegal. Aquellos que decidan accesar este Sitio desde otros lugares lo har\u00e1n bajo su propia iniciativa y es su responsabilidad el sujetarse a las leyes locales que sean aplicables.<\/p>\n<p>MARCAS COMERCIALES<\/p>\n<p>Las marcas comerciales, las marcas de servicio y los logos (las &#8220;Marcas Comerciales&#8221;) usados y desplegados en este Sitio son Marcas Comerciales registradas. Nada en este Sitio deber\u00e1 ser interpretado como concesi\u00f3n, por implicaci\u00f3n, por exclusi\u00f3n, o de ninguna otra manera, de ninguna licencia o derecho de uso de cualquier Marca Comercial desplegada en este Sitio, sin el permiso por escrito del titular de los derechos de la Marca Comercial. El nombre de Timonel o el logo de Timonel no pueden ser usados de manera alguna, incluyendo anuncios o publicidad relacionados con la distribuci\u00f3n del material en este Sitio, sin permiso previo por escrito. Timonel prohibe el uso del logo Timonel como un enlace (&#8220;hot&#8221; link) a menos que el establecimiento de un enlace de tal naturaleza sea aprobado por Timonel previamente por escrito.<\/p>\n<p>DESCONOCIMIENTO DE GARANT\u00cdA<\/p>\n<p>El material en este sitio es suministrado \u201ctal como es\u201d, sin haber de por medio garant\u00edas de cualquier tipo, ya sea expresas o impl\u00edcitas.\u00a0 En conformidad con la ley aplicable, en la mayor medida posible, Timonel desconoce todas las garant\u00edas expresas o impl\u00edcitas, Incluyendo, mas no limitado a, garant\u00edas impl\u00edcitas de comerciabilidad. Timonel no garantiza ni hace representaci\u00f3n alguna en relaci\u00f3n al uso, validez, precisi\u00f3n o confiabilidad de, o los resultados del uso de, o cualquier otra situaci\u00f3n al respecto de, el material en este sitio o cualquier sitio enlazado con este sitio.<\/p>\n<p>RESPONSABILIDAD LIMITADA<\/p>\n<p>Bajo ninguna circunstancia, incluyendo, pero no limitada a, negligencia, ser\u00e1 Timonel responsable por cualquier da\u00f1o directo, indirecto, especial, incidental, consecuente, incluyendo, mas no limitado a, p\u00e9rdida de utilidades, resultado del uso, o la incapacidad para usar el material en este sitio, a\u00fan en el caso de que Timonel o un representante autorizado de Timonel haya sido puesto al tanto de la posibilidad de tal da\u00f1o. En caso de que el uso por parte suya del material de este sitio de como resultado la necesidad de dar servicio usted asume cualquier costo derivado por ello. Algunos paises no permiten la exclusi\u00f3n o limitaci\u00f3n de da\u00f1os incidentales o consecuentes, as\u00ed es que las limitaciones o exclusiones arriba mencionadas pueden no aplicar en su caso.<\/p>\n<p>NUESTRAS TRANSMISIONES<\/p>\n<p>Cualquier material, informaci\u00f3n, o idea que usted transmita a, o ponga en este Sitio por cualquier medio, recibir\u00e1 el trato de no confidencial y propiedad p\u00fablica, y puede ser diseminado o usado por Timonel \u00a0o sus afiliados para cualquier prop\u00f3sito, cualesquiera que este sea, incluyendo, m\u00e1s no limitado a, desarrollar, fabricar y comercializar productos. Se le prohibe a usted poner en, o transmitir a, o desde este Sitio cualquier material ilegal, amenazador, calumniador, difamatorio, obsceno, escandaloso, inflamatorio, pornogr\u00e1fico o profano, o cualquier otro material que pudiera dar lugar a cualquier responsabilidad civil o penal en los t\u00e9rminos de la ley.<\/p>\n<p>REVISIONES DE LOS T\u00c9RMINOS DE USO<\/p>\n<p>Timonel puede en cualquier momento revisar estos T\u00e9rminos de Uso por medio de la actualizaci\u00f3n de este anuncio. Al usar este Sitio, usted conviene en darse por obligado por cualquiera de tales revisiones, debiendo entonces visitar peri\u00f3dicamente esta p\u00e1gina para determinar los t\u00e9rminos de uso vigentes en ese momento a los cuales usted est\u00e1 obligado.<\/p>\n","protected":false},"excerpt":{"rendered":"<p>T\u00c9RMINOS DE USO ACEPTACION DE LOS TERMINOS DEL CONTRATO Lo siguiente son los t\u00e9rminos de un convenio legal celebrado entre usted y TIMONEL. Al accesar, hojear y\/o usar este sitio (&#8220;Sitio&#8221;), usted admite haber le\u00eddo y entendido estos t\u00e9rminos y est\u00e1 de acuerdo en sujetarse a estos t\u00e9rminos y cumplir con todas las leyes y [&hellip;]<\/p>\n","protected":false},"author":1,"featured_media":0,"parent":6,"menu_order":6,"comment_status":"closed","ping_status":"closed","template":"","meta":{"footnotes":""},"class_list":["post-365","page","type-page","status-publish","hentry"],"_links":{"self":[{"href":"https:\/\/timonel.com.co\/index.php?rest_route=\/wp\/v2\/pages\/365","targetHints":{"allow":["GET"]}}],"collection":[{"href":"https:\/\/timonel.com.co\/index.php?rest_route=\/wp\/v2\/pages"}],"about":[{"href":"https:\/\/timonel.com.co\/index.php?rest_route=\/wp\/v2\/types\/page"}],"author":[{"embeddable":true,"href":"https:\/\/timonel.com.co\/index.php?rest_route=\/wp\/v2\/users\/1"}],"replies":[{"embeddable":true,"href":"https:\/\/timonel.com.co\/index.php?rest_route=%2Fwp%2Fv2%2Fcomments&post=365"}],"version-history":[{"count":9,"href":"https:\/\/timonel.com.co\/index.php?rest_route=\/wp\/v2\/pages\/365\/revisions"}],"predecessor-version":[{"id":525,"href":"https:\/\/timonel.com.co\/index.php?rest_route=\/wp\/v2\/pages\/365\/revisions\/525"}],"up":[{"embeddable":true,"href":"https:\/\/timonel.com.co\/index.php?rest_route=\/wp\/v2\/pages\/6"}],"wp:attachment":[{"href":"https:\/\/timonel.com.co\/index.php?rest_route=%2Fwp%2Fv2%2Fmedia&parent=365"}],"curies":[{"name":"wp","href":"https:\/\/api.w.org\/{rel}","templated":true}]}}