{"id":438,"date":"2010-06-10T15:25:00","date_gmt":"2010-06-10T20:25:00","guid":{"rendered":"http:\/\/timonel.com.co\/?page_id=438"},"modified":"2010-11-18T11:57:26","modified_gmt":"2010-11-18T16:57:26","slug":"casos-de-exito","status":"publish","type":"page","link":"https:\/\/timonel.com.co\/?page_id=438","title":{"rendered":"Ricardo Le\u00f3n Cardoza Echeverri"},"content":{"rendered":"<table style=\"width: 646px; height: 475px;\" border=\"0\">\n<tbody>\n<tr>\n<td><img loading=\"lazy\" decoding=\"async\" class=\"alignleft size-thumbnail wp-image-454\" title=\"nuevo-5\" src=\"http:\/\/timonel.com.co\/wp-content\/uploads\/2010\/08\/foto1.jpg\" alt=\"nuevo-5\" width=\"120\" height=\"120\" \/><\/td>\n<td><strong><span style=\"font-family: arial black,avant garde;\">\u00a0<\/span><\/strong><strong><span style=\"font-family: arial black,avant garde;\">Ricardo Le\u00f3n Cardoza Echeverri\u00a0\u00a0\u00a0\u00a0\u00a0\u00a0\u00a0\u00a0 <a href=\"http:\/\/timonel.com.co\/wp-content\/uploads\/2010\/06\/logo-pmp.jpg\"><\/a><\/span><\/strong><\/td>\n<td><a href=\"http:\/\/timonel.com.co\/wp-content\/uploads\/2010\/06\/logo-pmp.jpg\"><\/a><img loading=\"lazy\" decoding=\"async\" title=\"logo pmp\" src=\"http:\/\/timonel.com.co\/wp-content\/uploads\/2010\/06\/logo-pmp.jpg\" alt=\"logo pmp\" width=\"79\" height=\"41\" \/><a href=\"http:\/\/timonel.com.co\/wp-content\/uploads\/2010\/06\/logo-pmp.jpg\"><\/a><\/td>\n<\/tr>\n<tr>\n<td>\u00a0<\/td>\n<td>\n<p style=\"text-align: justify;\"><strong>Perfil<\/strong><\/p>\n<p style=\"text-align: justify;\">Ingeniero electricista con especializaciones\u00a0en administraci\u00f3n de sistemas de informaci\u00f3n y redes de comunicaciones , con experiencia en el liderazgo de proyectos de alto impacto en organizaciones complejas integrando\u00a0 diferentes actores, planeaci\u00f3n de escenarios a largo plazo fusionando innovaci\u00f3n y practicidad.<\/p>\n<p style=\"text-align: justify;\">Certificado PMP\u00ae ante el PMI\u00ae<\/p>\n<\/td>\n<td>\u00a0<\/td>\n<\/tr>\n<tr>\n<td>\u00a0<\/td>\n<td>\u00a0<\/td>\n<td>\u00a0<\/td>\n<\/tr>\n<tr>\n<td>\u00a0<\/td>\n<td><strong>Experiencia<\/strong>\u00a0<\/td>\n<td>\u00a0<\/td>\n<\/tr>\n<tr>\n<td><img loading=\"lazy\" decoding=\"async\" class=\"alignright size-full wp-image-461\" title=\"timonel_camara_de_c\" src=\"http:\/\/timonel.com.co\/wp-content\/uploads\/2010\/06\/timonel_camara_de_c1.png\" alt=\"timonel_camara_de_c\" width=\"30\" height=\"30\" \/><\/td>\n<td>Gerente de Tecnologia inform\u00e1tica de Casaluker S.A.<\/td>\n<td>\u00a0<\/td>\n<\/tr>\n<tr>\n<td><img loading=\"lazy\" decoding=\"async\" class=\"alignright\" title=\"timonel_camara_de_c\" src=\"http:\/\/timonel.com.co\/wp-content\/uploads\/2010\/06\/timonel_camara_de_c1.png\" alt=\"timonel_camara_de_c\" width=\"30\" height=\"30\" \/><\/td>\n<td>Director de Tecnolog\u00eda Inform\u00e1tica y Tecnolog\u00eda de\u00a0 procesos CasaLuker S.A.<\/td>\n<td>\u00a0<\/td>\n<\/tr>\n<tr>\n<td><img loading=\"lazy\" decoding=\"async\" class=\"alignright\" title=\"timonel_camara_de_c\" src=\"http:\/\/timonel.com.co\/wp-content\/uploads\/2010\/06\/timonel_camara_de_c1.png\" alt=\"timonel_camara_de_c\" width=\"30\" height=\"30\" \/><\/td>\n<td>Asesor externo para Adylog S.A. en la implementaci\u00f3n de las\u00a0 \u00e1reas de Tecnolog\u00eda Inform\u00e1tica y Tecnolog\u00eda de procesos<\/td>\n<td>\u00a0<\/td>\n<\/tr>\n<tr>\n<td><img loading=\"lazy\" decoding=\"async\" class=\"alignright\" title=\"timonel_camara_de_c\" src=\"http:\/\/timonel.com.co\/wp-content\/uploads\/2010\/06\/timonel_camara_de_c1.png\" alt=\"timonel_camara_de_c\" width=\"30\" height=\"30\" \/><\/td>\n<td>Asesor en las \u00e1reas de tecnolog\u00eda y gesti\u00f3n de proyectos en empresas del sector p\u00fablico y privado tales como Empocaldas, Manilit, Acasa, Casa Restrepo, Agropecuaria Restrepo y Jaramillo etc.<\/td>\n<td>\u00a0<\/td>\n<\/tr>\n<tr>\n<td><img loading=\"lazy\" decoding=\"async\" class=\"alignright\" title=\"timonel_camara_de_c\" src=\"http:\/\/timonel.com.co\/wp-content\/uploads\/2010\/06\/timonel_camara_de_c1.png\" alt=\"timonel_camara_de_c\" width=\"30\" height=\"30\" \/><\/td>\n<td>M\u00e1s de 20\u00a0a\u00f1os de experiencia en gerencia de proyectos\u00a0 organizacionales<\/td>\n<td>\u00a0<\/td>\n<\/tr>\n<tr>\n<td><img loading=\"lazy\" decoding=\"async\" class=\"alignright\" title=\"timonel_camara_de_c\" src=\"http:\/\/timonel.com.co\/wp-content\/uploads\/2010\/06\/timonel_camara_de_c1.png\" alt=\"timonel_camara_de_c\" width=\"30\" height=\"30\" \/><\/td>\n<td>Catedr\u00e1tico y docente Universidad Nacional de Colombia sede Manizales.<\/td>\n<td>\u00a0<\/td>\n<\/tr>\n<tr>\n<td>\u00a0<\/td>\n<td>\u00a0<\/td>\n<td>\u00a0<\/td>\n<\/tr>\n<\/tbody>\n<\/table>\n","protected":false},"excerpt":{"rendered":"<p>\u00a0Ricardo Le\u00f3n Cardoza Echeverri\u00a0\u00a0\u00a0\u00a0\u00a0\u00a0\u00a0\u00a0 \u00a0 Perfil Ingeniero electricista con especializaciones\u00a0en administraci\u00f3n de sistemas de informaci\u00f3n y redes de comunicaciones , con experiencia en el liderazgo de proyectos de alto impacto en organizaciones complejas integrando\u00a0 diferentes actores, planeaci\u00f3n de escenarios a largo plazo fusionando innovaci\u00f3n y practicidad. Certificado PMP\u00ae ante el PMI\u00ae \u00a0 \u00a0 \u00a0 \u00a0 [&hellip;]<\/p>\n","protected":false},"author":1,"featured_media":0,"parent":6,"menu_order":2,"comment_status":"closed","ping_status":"closed","template":"","meta":{"footnotes":""},"class_list":["post-438","page","type-page","status-publish","hentry"],"_links":{"self":[{"href":"https:\/\/timonel.com.co\/index.php?rest_route=\/wp\/v2\/pages\/438","targetHints":{"allow":["GET"]}}],"collection":[{"href":"https:\/\/timonel.com.co\/index.php?rest_route=\/wp\/v2\/pages"}],"about":[{"href":"https:\/\/timonel.com.co\/index.php?rest_route=\/wp\/v2\/types\/page"}],"author":[{"embeddable":true,"href":"https:\/\/timonel.com.co\/index.php?rest_route=\/wp\/v2\/users\/1"}],"replies":[{"embeddable":true,"href":"https:\/\/timonel.com.co\/index.php?rest_route=%2Fwp%2Fv2%2Fcomments&post=438"}],"version-history":[{"count":37,"href":"https:\/\/timonel.com.co\/index.php?rest_route=\/wp\/v2\/pages\/438\/revisions"}],"predecessor-version":[{"id":453,"href":"https:\/\/timonel.com.co\/index.php?rest_route=\/wp\/v2\/pages\/438\/revisions\/453"}],"up":[{"embeddable":true,"href":"https:\/\/timonel.com.co\/index.php?rest_route=\/wp\/v2\/pages\/6"}],"wp:attachment":[{"href":"https:\/\/timonel.com.co\/index.php?rest_route=%2Fwp%2Fv2%2Fmedia&parent=438"}],"curies":[{"name":"wp","href":"https:\/\/api.w.org\/{rel}","templated":true}]}}