{"id":46,"date":"2009-05-22T10:28:10","date_gmt":"2009-05-22T15:28:10","guid":{"rendered":"http:\/\/timonel.com.co\/?page_id=46"},"modified":"2009-06-26T14:58:10","modified_gmt":"2009-06-26T19:58:10","slug":"estructuracion-de-areas-de-tecnologia-de-informacion","status":"publish","type":"page","link":"https:\/\/timonel.com.co\/?page_id=46","title":{"rendered":"Estructuraci\u00f3n de \u00e1reas de tecnolog\u00eda de informaci\u00f3n"},"content":{"rendered":"<p><img loading=\"lazy\" decoding=\"async\" class=\"aligncenter size-full wp-image-315\" title=\"estructuracion-de-areas-de1\" src=\"http:\/\/timonel.com.co\/wp-content\/uploads\/2009\/05\/estructuracion-de-areas-de1.png\" alt=\"estructuracion-de-areas-de1\" width=\"528\" height=\"265\" \/><\/p>\n<div style=\"position: absolute; left: 205px; top: 61px; width: 310px; height: 192px;\">\n<ul>\n<li>Cada negocio requiere tener sus necesidades inform\u00e1ticas cubiertas. Lo cual se alcanza teniendo estructuras organizacionales din\u00e1micas que apoyen de manera efectiva las necesidades de la organizaci\u00f3n.<\/li>\n<\/ul>\n<ul>\n<li>Nosotros apoyamos la construcci\u00f3n de estructuras organizacionales de tecnolog\u00eda<br \/>\nde informaci\u00f3n\u00a0 generando las estrategias que permitan tener estructuras flexibles orientadas a las funciones core del negocio combinando alternativas de sourcing.<\/li>\n<\/ul>\n<\/div>\n","protected":false},"excerpt":{"rendered":"<p>Cada negocio requiere tener sus necesidades inform\u00e1ticas cubiertas. Lo cual se alcanza teniendo estructuras organizacionales din\u00e1micas que apoyen de manera efectiva las necesidades de la organizaci\u00f3n. Nosotros apoyamos la construcci\u00f3n de estructuras organizacionales de tecnolog\u00eda de informaci\u00f3n\u00a0 generando las estrategias que permitan tener estructuras flexibles orientadas a las funciones core del negocio combinando alternativas de [&hellip;]<\/p>\n","protected":false},"author":1,"featured_media":0,"parent":68,"menu_order":3,"comment_status":"open","ping_status":"closed","template":"","meta":{"footnotes":""},"class_list":["post-46","page","type-page","status-publish","hentry"],"_links":{"self":[{"href":"https:\/\/timonel.com.co\/index.php?rest_route=\/wp\/v2\/pages\/46","targetHints":{"allow":["GET"]}}],"collection":[{"href":"https:\/\/timonel.com.co\/index.php?rest_route=\/wp\/v2\/pages"}],"about":[{"href":"https:\/\/timonel.com.co\/index.php?rest_route=\/wp\/v2\/types\/page"}],"author":[{"embeddable":true,"href":"https:\/\/timonel.com.co\/index.php?rest_route=\/wp\/v2\/users\/1"}],"replies":[{"embeddable":true,"href":"https:\/\/timonel.com.co\/index.php?rest_route=%2Fwp%2Fv2%2Fcomments&post=46"}],"version-history":[{"count":24,"href":"https:\/\/timonel.com.co\/index.php?rest_route=\/wp\/v2\/pages\/46\/revisions"}],"predecessor-version":[{"id":130,"href":"https:\/\/timonel.com.co\/index.php?rest_route=\/wp\/v2\/pages\/46\/revisions\/130"}],"up":[{"embeddable":true,"href":"https:\/\/timonel.com.co\/index.php?rest_route=\/wp\/v2\/pages\/68"}],"wp:attachment":[{"href":"https:\/\/timonel.com.co\/index.php?rest_route=%2Fwp%2Fv2%2Fmedia&parent=46"}],"curies":[{"name":"wp","href":"https:\/\/api.w.org\/{rel}","templated":true}]}}