{"id":469,"date":"2010-07-22T12:10:47","date_gmt":"2010-07-22T17:10:47","guid":{"rendered":"http:\/\/timonel.com.co\/?page_id=469"},"modified":"2010-11-18T11:54:57","modified_gmt":"2010-11-18T16:54:57","slug":"juan-carlos-jimenez-sanz","status":"publish","type":"page","link":"https:\/\/timonel.com.co\/?page_id=469","title":{"rendered":"Juan Carlos Jimenez Sanz"},"content":{"rendered":"<table border=\"0\">\n<tbody>\n<tr>\n<td><img loading=\"lazy\" decoding=\"async\" class=\"alignleft size-thumbnail wp-image-473\" title=\"nuevo-6\" src=\"http:\/\/timonel.com.co\/wp-content\/uploads\/2010\/07\/nuevo-6-150x150.jpg\" alt=\"nuevo-6\" width=\"135\" height=\"135\" \/><\/td>\n<td><strong>\u00a0<\/strong>\u00a0<strong>\u00a0<\/strong>\u00a0<strong>\u00a0<\/strong>\u00a0<strong>Juan Carlos Jimenez Sanz\u00a0\u00a0\u00a0\u00a0<a href=\"http:\/\/timonel.com.co\/wp-content\/uploads\/2010\/07\/logo-pmp.jpg\"><\/a>\u00a0\u00a0 <\/strong><\/td>\n<td>\u00a0<img loading=\"lazy\" decoding=\"async\" title=\"logo pmp\" src=\"http:\/\/timonel.com.co\/wp-content\/uploads\/2010\/07\/logo-pmp.jpg\" alt=\"logo pmp\" width=\"71\" height=\"38\" \/>\u00a0<\/td>\n<\/tr>\n<tr>\n<td>\u00a0<\/td>\n<td>\n<p style=\"text-align: justify;\"><strong>Perfil<\/strong><\/p>\n<p style=\"text-align: justify;\">Ingeniero de sistemas con especializaciones en Inform\u00e1tica\/Computaci\u00f3n y\u00a0Desarrollo Gerencial, con enfoque a la optimizaci\u00f3n de procesos mediante la aplicaci\u00f3n de metodolog\u00edas y modelos adecuados para apoyar el cumplimiento de objetivos estrat\u00e9gicos.<\/p>\n<p style=\"text-align: justify;\">Certificado PMP\u00ae ante el PMI\u00ae<\/p>\n<\/td>\n<td>\u00a0<\/td>\n<\/tr>\n<tr>\n<td>\u00a0<\/td>\n<td>\u00a0<\/td>\n<td>\u00a0<\/td>\n<\/tr>\n<tr>\n<td>\u00a0<\/td>\n<td><strong>Experiencia<\/strong><\/td>\n<td>\u00a0<\/td>\n<\/tr>\n<tr>\n<td><img loading=\"lazy\" decoding=\"async\" class=\"alignright size-full wp-image-475\" title=\"timonel_camara_de_c\" src=\"http:\/\/timonel.com.co\/wp-content\/uploads\/2010\/07\/timonel_camara_de_c.png\" alt=\"timonel_camara_de_c\" width=\"30\" height=\"30\" \/><\/td>\n<td>Coordinador Regional de Sistemas BATA\u00a0 &#8211; Latinoam\u00e9rica<\/td>\n<td>\u00a0<\/td>\n<\/tr>\n<tr>\n<td><img loading=\"lazy\" decoding=\"async\" class=\"alignright\" title=\"timonel_camara_de_c\" src=\"http:\/\/timonel.com.co\/wp-content\/uploads\/2010\/07\/timonel_camara_de_c.png\" alt=\"timonel_camara_de_c\" width=\"30\" height=\"30\" \/><\/td>\n<td>Gerente de Inform\u00e1tica BATA &#8211; Colombia<\/td>\n<td>\u00a0<\/td>\n<\/tr>\n<tr>\n<td>\u00a0<img loading=\"lazy\" decoding=\"async\" class=\"alignright\" title=\"timonel_camara_de_c\" src=\"http:\/\/timonel.com.co\/wp-content\/uploads\/2010\/07\/timonel_camara_de_c.png\" alt=\"timonel_camara_de_c\" width=\"30\" height=\"30\" \/><\/td>\n<td>Gerente de proyectos BATA &#8211; Colombia<\/td>\n<td>\u00a0<\/td>\n<\/tr>\n<tr>\n<td>\u00a0<img loading=\"lazy\" decoding=\"async\" class=\"alignright\" title=\"timonel_camara_de_c\" src=\"http:\/\/timonel.com.co\/wp-content\/uploads\/2010\/07\/timonel_camara_de_c.png\" alt=\"timonel_camara_de_c\" width=\"30\" height=\"30\" \/><\/td>\n<td>Gerente de proyectos CasaLuker S.A.<\/td>\n<td>\u00a0<\/td>\n<\/tr>\n<tr>\n<td>\u00a0<img loading=\"lazy\" decoding=\"async\" class=\"alignright\" title=\"timonel_camara_de_c\" src=\"http:\/\/timonel.com.co\/wp-content\/uploads\/2010\/07\/timonel_camara_de_c.png\" alt=\"timonel_camara_de_c\" width=\"30\" height=\"30\" \/><\/td>\n<td>Asesor en las \u00e1reas de tecnolog\u00eda y gesti\u00f3n de proyectos en empresas del sector p\u00fablico y privado tales como CHEC, Confamiliares de Caldas, Emtelsa, H. Santa Sofia, Fundaci\u00f3n UNE, etc.<\/td>\n<td>\u00a0<\/td>\n<\/tr>\n<tr>\n<td>\u00a0<\/td>\n<\/tr>\n<tr>\n<td><img loading=\"lazy\" decoding=\"async\" class=\"alignright\" title=\"timonel_camara_de_c\" src=\"http:\/\/timonel.com.co\/wp-content\/uploads\/2010\/07\/timonel_camara_de_c.png\" alt=\"timonel_camara_de_c\" width=\"30\" height=\"30\" \/><\/td>\n<td>M\u00e1s de 20 a\u00f1os de experiencia en gerencia de proyectos\u00a0 organizacionales<\/td>\n<td>\u00a0<\/td>\n<\/tr>\n<tr>\n<td><img loading=\"lazy\" decoding=\"async\" class=\"alignright\" title=\"timonel_camara_de_c\" src=\"http:\/\/timonel.com.co\/wp-content\/uploads\/2010\/07\/timonel_camara_de_c.png\" alt=\"timonel_camara_de_c\" width=\"30\" height=\"30\" \/><\/td>\n<td>Catedr\u00e1tico y docente\u00a0Universidad Aut\u00f3noma de Manizales,\u00a0Universidad Cat\u00f3lica de Manizales, Universidad Nacional de Colombia sede Manizales.\u00a0<\/td>\n<td>\u00a0<\/td>\n<\/tr>\n<\/tbody>\n<\/table>\n","protected":false},"excerpt":{"rendered":"<p>\u00a0\u00a0\u00a0\u00a0\u00a0\u00a0Juan Carlos Jimenez Sanz\u00a0\u00a0\u00a0\u00a0\u00a0\u00a0 \u00a0\u00a0 \u00a0 Perfil Ingeniero de sistemas con especializaciones en Inform\u00e1tica\/Computaci\u00f3n y\u00a0Desarrollo Gerencial, con enfoque a la optimizaci\u00f3n de procesos mediante la aplicaci\u00f3n de metodolog\u00edas y modelos adecuados para apoyar el cumplimiento de objetivos estrat\u00e9gicos. Certificado PMP\u00ae ante el PMI\u00ae \u00a0 \u00a0 \u00a0 \u00a0 \u00a0 Experiencia \u00a0 Coordinador Regional de Sistemas BATA\u00a0 [&hellip;]<\/p>\n","protected":false},"author":1,"featured_media":0,"parent":6,"menu_order":2,"comment_status":"closed","ping_status":"closed","template":"","meta":{"footnotes":""},"class_list":["post-469","page","type-page","status-publish","hentry"],"_links":{"self":[{"href":"https:\/\/timonel.com.co\/index.php?rest_route=\/wp\/v2\/pages\/469","targetHints":{"allow":["GET"]}}],"collection":[{"href":"https:\/\/timonel.com.co\/index.php?rest_route=\/wp\/v2\/pages"}],"about":[{"href":"https:\/\/timonel.com.co\/index.php?rest_route=\/wp\/v2\/types\/page"}],"author":[{"embeddable":true,"href":"https:\/\/timonel.com.co\/index.php?rest_route=\/wp\/v2\/users\/1"}],"replies":[{"embeddable":true,"href":"https:\/\/timonel.com.co\/index.php?rest_route=%2Fwp%2Fv2%2Fcomments&post=469"}],"version-history":[{"count":19,"href":"https:\/\/timonel.com.co\/index.php?rest_route=\/wp\/v2\/pages\/469\/revisions"}],"predecessor-version":[{"id":471,"href":"https:\/\/timonel.com.co\/index.php?rest_route=\/wp\/v2\/pages\/469\/revisions\/471"}],"up":[{"embeddable":true,"href":"https:\/\/timonel.com.co\/index.php?rest_route=\/wp\/v2\/pages\/6"}],"wp:attachment":[{"href":"https:\/\/timonel.com.co\/index.php?rest_route=%2Fwp%2Fv2%2Fmedia&parent=469"}],"curies":[{"name":"wp","href":"https:\/\/api.w.org\/{rel}","templated":true}]}}