{"id":48,"date":"2009-05-22T10:30:55","date_gmt":"2009-05-22T15:30:55","guid":{"rendered":"http:\/\/timonel.com.co\/?page_id=48"},"modified":"2009-06-25T10:00:18","modified_gmt":"2009-06-25T15:00:18","slug":"diseno-de-arquitecturas-y-modelos-de-integracion","status":"publish","type":"page","link":"https:\/\/timonel.com.co\/?page_id=48","title":{"rendered":"Dise\u00f1o de arquitecturas y modelos de integraci\u00f3n"},"content":{"rendered":"<p><img loading=\"lazy\" decoding=\"async\" class=\"aligncenter size-full wp-image-321\" title=\"diseno-de-arquietecturas-y1\" src=\"http:\/\/timonel.com.co\/wp-content\/uploads\/2009\/05\/diseno-de-arquietecturas-y1.png\" alt=\"diseno-de-arquietecturas-y1\" width=\"545\" height=\"332\" \/><\/p>\n<div style=\"position: absolute; left: 10px; top: 84px; width: 275px; height: 321px;\">\n<ul>\n<li>En funci\u00f3n de la estrategia de negocio de la empresa y las tendencias tecnol\u00f3gicas, definimos la arquitectura de sistemas y la planificaci\u00f3n de recursos \u00f3ptima para asegurar la eficiencia y eficacia de los sistemas de informaci\u00f3n.<\/li>\n<\/ul>\n<ul>\n<li>La sencillez, simplicidad y practicidad son premisas requeridas a la hora de dise\u00f1ar y construir arquitecturas de sistemas de informaci\u00f3n, sin olvidar las consideraciones de seguridad y disponibilidad necesarias por la organizaci\u00f3n.<\/li>\n<\/ul>\n<\/div>\n","protected":false},"excerpt":{"rendered":"<p>En funci\u00f3n de la estrategia de negocio de la empresa y las tendencias tecnol\u00f3gicas, definimos la arquitectura de sistemas y la planificaci\u00f3n de recursos \u00f3ptima para asegurar la eficiencia y eficacia de los sistemas de informaci\u00f3n. La sencillez, simplicidad y practicidad son premisas requeridas a la hora de dise\u00f1ar y construir arquitecturas de sistemas de [&hellip;]<\/p>\n","protected":false},"author":1,"featured_media":0,"parent":68,"menu_order":4,"comment_status":"open","ping_status":"closed","template":"","meta":{"footnotes":""},"class_list":["post-48","page","type-page","status-publish","hentry"],"_links":{"self":[{"href":"https:\/\/timonel.com.co\/index.php?rest_route=\/wp\/v2\/pages\/48","targetHints":{"allow":["GET"]}}],"collection":[{"href":"https:\/\/timonel.com.co\/index.php?rest_route=\/wp\/v2\/pages"}],"about":[{"href":"https:\/\/timonel.com.co\/index.php?rest_route=\/wp\/v2\/types\/page"}],"author":[{"embeddable":true,"href":"https:\/\/timonel.com.co\/index.php?rest_route=\/wp\/v2\/users\/1"}],"replies":[{"embeddable":true,"href":"https:\/\/timonel.com.co\/index.php?rest_route=%2Fwp%2Fv2%2Fcomments&post=48"}],"version-history":[{"count":17,"href":"https:\/\/timonel.com.co\/index.php?rest_route=\/wp\/v2\/pages\/48\/revisions"}],"predecessor-version":[{"id":137,"href":"https:\/\/timonel.com.co\/index.php?rest_route=\/wp\/v2\/pages\/48\/revisions\/137"}],"up":[{"embeddable":true,"href":"https:\/\/timonel.com.co\/index.php?rest_route=\/wp\/v2\/pages\/68"}],"wp:attachment":[{"href":"https:\/\/timonel.com.co\/index.php?rest_route=%2Fwp%2Fv2%2Fmedia&parent=48"}],"curies":[{"name":"wp","href":"https:\/\/api.w.org\/{rel}","templated":true}]}}