{"id":50,"date":"2009-05-22T10:32:54","date_gmt":"2009-05-22T15:32:54","guid":{"rendered":"http:\/\/timonel.com.co\/?page_id=50"},"modified":"2009-06-25T10:11:47","modified_gmt":"2009-06-25T15:11:47","slug":"optimizacion-de-procesos-de-ti","status":"publish","type":"page","link":"https:\/\/timonel.com.co\/?page_id=50","title":{"rendered":"Optimizaci\u00f3n de procesos de TI"},"content":{"rendered":"<p><img loading=\"lazy\" decoding=\"async\" class=\"size-full wp-image-323 alignright\" title=\"optimizacion-de-procesos-de2\" src=\"http:\/\/timonel.com.co\/wp-content\/uploads\/2009\/05\/optimizacion-de-procesos-de2.png\" alt=\"optimizacion-de-procesos-de2\" width=\"360\" height=\"251\" \/><\/p>\n<div style=\"position: absolute; left: 9px; top: 92px; width: 409px; height: 240px;\">\n<ul>\n<li>Para que cada negocio tenga sus necesidades inform\u00e1ticas cubiertas, suele ser necesaria una redefinici\u00f3n de procesos. Nosotros apoyamos para garantizar la eficacia de esa redefinici\u00f3n. Adem\u00e1s, mejoramos la calidad de los servicios de TI y asesoramos a nuestros clientes sobre c\u00f3mo pueden externalizar parte de estos servicios.<\/li>\n<\/ul>\n<ul>\n<li>Nuestra experiencia nos permite sugerir que se pueden alcanzar importantes ahorros en las inversiones de IT a trav\u00e9s del re-dimensionamiento de los sistemas de informaci\u00f3n y sus procesos.<\/li>\n<\/ul>\n<\/div>\n","protected":false},"excerpt":{"rendered":"<p>Para que cada negocio tenga sus necesidades inform\u00e1ticas cubiertas, suele ser necesaria una redefinici\u00f3n de procesos. Nosotros apoyamos para garantizar la eficacia de esa redefinici\u00f3n. Adem\u00e1s, mejoramos la calidad de los servicios de TI y asesoramos a nuestros clientes sobre c\u00f3mo pueden externalizar parte de estos servicios. Nuestra experiencia nos permite sugerir que se pueden [&hellip;]<\/p>\n","protected":false},"author":1,"featured_media":0,"parent":68,"menu_order":5,"comment_status":"open","ping_status":"closed","template":"","meta":{"footnotes":""},"class_list":["post-50","page","type-page","status-publish","hentry"],"_links":{"self":[{"href":"https:\/\/timonel.com.co\/index.php?rest_route=\/wp\/v2\/pages\/50","targetHints":{"allow":["GET"]}}],"collection":[{"href":"https:\/\/timonel.com.co\/index.php?rest_route=\/wp\/v2\/pages"}],"about":[{"href":"https:\/\/timonel.com.co\/index.php?rest_route=\/wp\/v2\/types\/page"}],"author":[{"embeddable":true,"href":"https:\/\/timonel.com.co\/index.php?rest_route=\/wp\/v2\/users\/1"}],"replies":[{"embeddable":true,"href":"https:\/\/timonel.com.co\/index.php?rest_route=%2Fwp%2Fv2%2Fcomments&post=50"}],"version-history":[{"count":12,"href":"https:\/\/timonel.com.co\/index.php?rest_route=\/wp\/v2\/pages\/50\/revisions"}],"predecessor-version":[{"id":325,"href":"https:\/\/timonel.com.co\/index.php?rest_route=\/wp\/v2\/pages\/50\/revisions\/325"}],"up":[{"embeddable":true,"href":"https:\/\/timonel.com.co\/index.php?rest_route=\/wp\/v2\/pages\/68"}],"wp:attachment":[{"href":"https:\/\/timonel.com.co\/index.php?rest_route=%2Fwp%2Fv2%2Fmedia&parent=50"}],"curies":[{"name":"wp","href":"https:\/\/api.w.org\/{rel}","templated":true}]}}