{"id":6,"date":"2009-05-22T08:52:33","date_gmt":"2009-05-22T13:52:33","guid":{"rendered":"http:\/\/timonel.com.co\/?page_id=6"},"modified":"2009-06-10T17:44:32","modified_gmt":"2009-06-10T22:44:32","slug":"quienes-somos","status":"publish","type":"page","link":"https:\/\/timonel.com.co\/?page_id=6","title":{"rendered":"Quienes Somos?"},"content":{"rendered":"<p style=\"text-align: left;\">\u00a0<\/p>\n<p style=\"text-align: justify;\"><img loading=\"lazy\" decoding=\"async\" class=\"size-full wp-image-168 alignleft\" style=\"top: 15px; left: 126px;\" title=\"timonel\" src=\"http:\/\/timonel.com.co\/wp-content\/uploads\/2009\/05\/timonel.png\" alt=\"timonel\" width=\"198\" height=\"193\" \/>Nuestra experiencia, obtenida en nuestros a\u00f1os de trabajo laboral, nos ha permitido conocer negocios desde la perspectivas estrat\u00e9gica y tecnolog\u00eda de informaci\u00f3n. Nos soportamos en nuestro conocimiento, experiencia y practicidad.\u00a0<\/p>\n<p style=\"text-align: justify;\">Combinamos la innovacion con el conocimiento, experiencia funcional y las habilidades tecnol\u00f3gicas para ayudar a nuestros clientes a crecer y generar valor.<\/p>\n<p style=\"text-align: justify;\">Somos un grupo de profesionales independientes especialistas en diversas \u00e1reas, quienes aportan curiosidad, creatividad, integridad y rigor analitico a cada proyecto, lo que significa una r\u00e1pida y sustancial mejora el desempe\u00f1o.<\/p>\n<p style=\"text-align: justify;\">Somos consultores de estrategia, innovaci\u00f3n productiva y proyectos apoyados en tecnolog\u00eda.<\/p>\n<p style=\"text-align: justify;\">\u00a0<\/p>\n","protected":false},"excerpt":{"rendered":"<p>\u00a0 Nuestra experiencia, obtenida en nuestros a\u00f1os de trabajo laboral, nos ha permitido conocer negocios desde la perspectivas estrat\u00e9gica y tecnolog\u00eda de informaci\u00f3n. Nos soportamos en nuestro conocimiento, experiencia y practicidad.\u00a0 Combinamos la innovacion con el conocimiento, experiencia funcional y las habilidades tecnol\u00f3gicas para ayudar a nuestros clientes a crecer y generar valor. Somos un [&hellip;]<\/p>\n","protected":false},"author":1,"featured_media":0,"parent":0,"menu_order":1,"comment_status":"open","ping_status":"closed","template":"","meta":{"footnotes":""},"class_list":["post-6","page","type-page","status-publish","hentry"],"_links":{"self":[{"href":"https:\/\/timonel.com.co\/index.php?rest_route=\/wp\/v2\/pages\/6","targetHints":{"allow":["GET"]}}],"collection":[{"href":"https:\/\/timonel.com.co\/index.php?rest_route=\/wp\/v2\/pages"}],"about":[{"href":"https:\/\/timonel.com.co\/index.php?rest_route=\/wp\/v2\/types\/page"}],"author":[{"embeddable":true,"href":"https:\/\/timonel.com.co\/index.php?rest_route=\/wp\/v2\/users\/1"}],"replies":[{"embeddable":true,"href":"https:\/\/timonel.com.co\/index.php?rest_route=%2Fwp%2Fv2%2Fcomments&post=6"}],"version-history":[{"count":29,"href":"https:\/\/timonel.com.co\/index.php?rest_route=\/wp\/v2\/pages\/6\/revisions"}],"predecessor-version":[{"id":27,"href":"https:\/\/timonel.com.co\/index.php?rest_route=\/wp\/v2\/pages\/6\/revisions\/27"}],"wp:attachment":[{"href":"https:\/\/timonel.com.co\/index.php?rest_route=%2Fwp%2Fv2%2Fmedia&parent=6"}],"curies":[{"name":"wp","href":"https:\/\/api.w.org\/{rel}","templated":true}]}}