{"id":68,"date":"2009-05-25T11:31:06","date_gmt":"2009-05-25T16:31:06","guid":{"rendered":"http:\/\/timonel.com.co\/?page_id=68"},"modified":"2010-08-04T23:18:14","modified_gmt":"2010-08-05T04:18:14","slug":"tecnologia","status":"publish","type":"page","link":"https:\/\/timonel.com.co\/?page_id=68","title":{"rendered":"Tecnolog\u00eda"},"content":{"rendered":"<p><strong>\u00a0<\/strong><\/p>\n<table border=\"0\">\n<tbody>\n<tr>\n<td style=\"text-align: left;\">\n<p style=\"text-align: center;\"><a href=\"http:\/\/timonel.com.co\/?page_id=40\"><strong>ESTRATEGIA DE LA <\/strong><\/a><\/p>\n<p style=\"text-align: center;\"><strong><a href=\"http:\/\/timonel.com.co\/?page_id=40\">TECNOLOG\u00cdA<\/a><\/strong><\/p>\n<div><strong>\u00a0<\/strong><a href=\"http:\/\/timonel.com.co\/?page_id=40\"><strong>\u00a0\u00a0\u00a0\u00a0\u00a0 \u00a0DE LA INFORMACI\u00d3N<\/strong><\/a><\/div>\n<p style=\"text-align: center;\">Analizamos sus necesidades<\/p>\n<p style=\"text-align: center;\">tecnol\u00f3gicas y las<\/p>\n<p style=\"text-align: center;\">alineamos con su estrategia<\/p>\n<p style=\"text-align: center;\">de negocio<\/p>\n<\/td>\n<td style=\"text-align: left;\"><strong>\u00a0<\/strong><\/td>\n<td style=\"text-align: left;\">\n<p style=\"text-align: center;\"><a href=\"http:\/\/timonel.com.co\/?page_id=52\"><strong>SCOUTING<\/strong><\/a><\/p>\n<p style=\"text-align: center;\"><a href=\"http:\/\/timonel.com.co\/?page_id=52\"><strong>TECNOL\u00d3GICO<\/strong><\/a><\/p>\n<p style=\"text-align: center;\">Apoyamos y ayudamos a<\/p>\n<p style=\"text-align: center;\">establecer un programa de<\/p>\n<p style=\"text-align: center;\">b\u00fasqueda tecn\u00f3logico que<\/p>\n<p style=\"text-align: center;\">se adecue a las<\/p>\n<p style=\"text-align: center;\">necesidades de la<\/p>\n<p style=\"text-align: center;\">organizaci\u00f3n<\/p>\n<\/td>\n<\/tr>\n<tr>\n<td>\u00a0<\/td>\n<td><img loading=\"lazy\" decoding=\"async\" class=\"aligncenter size-full wp-image-487\" title=\"nuevo-9\" src=\"http:\/\/timonel.com.co\/wp-content\/uploads\/2009\/05\/nuevo-9.jpg\" alt=\"nuevo-9\" width=\"225\" height=\"251\" \/><\/td>\n<td>\u00a0<\/td>\n<\/tr>\n<tr>\n<td>\n<p style=\"text-align: center;\"><a href=\"http:\/\/timonel.com.co\/?page_id=48\"><strong>DISE\u00d1O DE ARQUITECTURA<\/strong><\/a><\/p>\n<p style=\"text-align: center;\"><a href=\"http:\/\/timonel.com.co\/?page_id=48\"><strong>Y MODELOS DE<\/strong><\/a><\/p>\n<p style=\"text-align: center;\"><a href=\"http:\/\/timonel.com.co\/?page_id=48\"><strong>INTEGRACI\u00d3N<\/strong><\/a><\/p>\n<p style=\"text-align: center;\">La secillez, simplicidad y<\/p>\n<p style=\"text-align: center;\">practicidad son premisas<\/p>\n<p style=\"text-align: center;\">requeridas a la hora de dise\u00f1ar y<\/p>\n<p style=\"text-align: center;\">construir arquitecturas de<\/p>\n<p style=\"text-align: center;\">sistemas de informaci\u00f3n, sin<\/p>\n<p style=\"text-align: center;\">olvidar las consideraciones de<\/p>\n<p style=\"text-align: center;\">seguridad y disponibilidad<\/p>\n<p style=\"text-align: center;\">necesarias por la organizaci\u00f3n<\/p>\n<\/td>\n<td>\u00a0<\/td>\n<td>\n<p style=\"text-align: center;\"><a href=\"http:\/\/timonel.com.co\/?page_id=50\"><strong>OPTIMIZACI\u00d3N DE<\/strong><\/a><\/p>\n<p style=\"text-align: center;\"><a href=\"http:\/\/timonel.com.co\/?page_id=50\"><strong>PROCESOS DE TI<\/strong><\/a><\/p>\n<p style=\"text-align: center;\">Nuestra experiencia nos<\/p>\n<p style=\"text-align: center;\">permite sugerir que se<\/p>\n<p style=\"text-align: center;\">pueden alcanzar importantes<\/p>\n<p style=\"text-align: center;\">ahorros en las inversiones de<\/p>\n<p style=\"text-align: center;\">TI a trav\u00e9s de<\/p>\n<p style=\"text-align: center;\">redireccionamiento de los<\/p>\n<p style=\"text-align: center;\">sistemas de informaci\u00f3n y<\/p>\n<p style=\"text-align: center;\">sus procesos<\/p>\n<\/td>\n<\/tr>\n<tr>\n<td>\u00a0<\/td>\n<td>\n<p style=\"text-align: center;\"><a href=\"http:\/\/timonel.com.co\/?page_id=46\"><strong>\u00a0ESTRUCTURACI\u00d3N DE <\/strong><\/a><\/p>\n<p style=\"text-align: center;\"><a href=\"http:\/\/timonel.com.co\/?page_id=46\"><strong>AREAS DE<\/strong><\/a><\/p>\n<p style=\"text-align: center;\"><a href=\"http:\/\/timonel.com.co\/?page_id=46\"><strong>TECN\u00d3LOGIA<\/strong><\/a><\/p>\n<p style=\"text-align: center;\">Ayudamos a establecer<\/p>\n<p style=\"text-align: center;\">estructuras din\u00e1micas que<\/p>\n<p style=\"text-align: center;\">soporten las necesidades<\/p>\n<p style=\"text-align: center;\">tecnol\u00f3gicas<\/p>\n<p style=\"text-align: center;\">organizacionales<\/p>\n<\/td>\n<td>\u00a0<\/td>\n<\/tr>\n<\/tbody>\n<\/table>\n","protected":false},"excerpt":{"rendered":"<p>\u00a0 ESTRATEGIA DE LA TECNOLOG\u00cdA \u00a0\u00a0\u00a0\u00a0\u00a0\u00a0 \u00a0DE LA INFORMACI\u00d3N Analizamos sus necesidades tecnol\u00f3gicas y las alineamos con su estrategia de negocio \u00a0 SCOUTING TECNOL\u00d3GICO Apoyamos y ayudamos a establecer un programa de b\u00fasqueda tecn\u00f3logico que se adecue a las necesidades de la organizaci\u00f3n \u00a0 \u00a0 DISE\u00d1O DE ARQUITECTURA Y MODELOS DE INTEGRACI\u00d3N La secillez, simplicidad [&hellip;]<\/p>\n","protected":false},"author":1,"featured_media":0,"parent":0,"menu_order":4,"comment_status":"open","ping_status":"closed","template":"","meta":{"footnotes":""},"class_list":["post-68","page","type-page","status-publish","hentry"],"_links":{"self":[{"href":"https:\/\/timonel.com.co\/index.php?rest_route=\/wp\/v2\/pages\/68","targetHints":{"allow":["GET"]}}],"collection":[{"href":"https:\/\/timonel.com.co\/index.php?rest_route=\/wp\/v2\/pages"}],"about":[{"href":"https:\/\/timonel.com.co\/index.php?rest_route=\/wp\/v2\/types\/page"}],"author":[{"embeddable":true,"href":"https:\/\/timonel.com.co\/index.php?rest_route=\/wp\/v2\/users\/1"}],"replies":[{"embeddable":true,"href":"https:\/\/timonel.com.co\/index.php?rest_route=%2Fwp%2Fv2%2Fcomments&post=68"}],"version-history":[{"count":22,"href":"https:\/\/timonel.com.co\/index.php?rest_route=\/wp\/v2\/pages\/68\/revisions"}],"predecessor-version":[{"id":273,"href":"https:\/\/timonel.com.co\/index.php?rest_route=\/wp\/v2\/pages\/68\/revisions\/273"}],"wp:attachment":[{"href":"https:\/\/timonel.com.co\/index.php?rest_route=%2Fwp%2Fv2%2Fmedia&parent=68"}],"curies":[{"name":"wp","href":"https:\/\/api.w.org\/{rel}","templated":true}]}}